{"id":30652,"date":"2020-02-27T16:59:06","date_gmt":"2020-02-27T15:59:06","guid":{"rendered":"https:\/\/finquespi.com\/search-results\/"},"modified":"2025-07-07T12:46:34","modified_gmt":"2025-07-07T10:46:34","slug":"searchs","status":"publish","type":"page","link":"https:\/\/finquespi.com\/en\/searchs\/","title":{"rendered":"Search"},"content":{"rendered":"\t\t<div data-elementor-type=\"wp-page\" data-elementor-id=\"30652\" class=\"elementor elementor-30652 elementor-16859\">\n\t\t\t\t\t\t<section class=\"elementor-section elementor-top-section elementor-element elementor-element-fa5dae7 elementor-section-content-middle elementor-section-stretched elementor-section-full_width elementor-section-height-default elementor-section-height-default\" data-id=\"fa5dae7\" data-element_type=\"section\" data-e-type=\"section\" data-settings=\"{&quot;stretch_section&quot;:&quot;section-stretched&quot;,&quot;background_background&quot;:&quot;classic&quot;}\">\n\t\t\t\t\t\t\t<div class=\"elementor-background-overlay\"><\/div>\n\t\t\t\t\t\t\t<div class=\"elementor-container elementor-column-gap-wide\">\n\t\t\t\t\t<div class=\"elementor-column elementor-col-100 elementor-top-column elementor-element elementor-element-acdc76e\" data-id=\"acdc76e\" data-element_type=\"column\" data-e-type=\"column\">\n\t\t\t<div class=\"elementor-widget-wrap elementor-element-populated\">\n\t\t\t\t\t\t<section class=\"elementor-section elementor-inner-section elementor-element elementor-element-fcb1ab5 elementor-section-boxed elementor-section-height-default elementor-section-height-default\" data-id=\"fcb1ab5\" data-element_type=\"section\" data-e-type=\"section\">\n\t\t\t\t\t\t<div class=\"elementor-container elementor-column-gap-extended\">\n\t\t\t\t\t<div class=\"elementor-column elementor-col-100 elementor-inner-column elementor-element elementor-element-2af33cf\" data-id=\"2af33cf\" data-element_type=\"column\" data-e-type=\"column\">\n\t\t\t<div class=\"elementor-widget-wrap elementor-element-populated\">\n\t\t\t\t\t\t<div class=\"elementor-element elementor-element-fe84285 animated-slow elementor-invisible elementor-widget elementor-widget-houzez_elementor_section_title\" data-id=\"fe84285\" data-element_type=\"widget\" data-e-type=\"widget\" data-settings=\"{&quot;_animation&quot;:&quot;fadeIn&quot;}\" data-widget_type=\"houzez_elementor_section_title.default\">\n\t\t\t\t<div class=\"elementor-widget-container\">\n\t\t\t\t\t            <div class=\"houzez_section_title_wrap section-title-module\">\n                                    <h2 class=\"houzez_section_title\">Meet the Finques Pi team<\/h2>\n                \n                                    <p class=\"houzez_section_subtitle\">We are a family company with personnel from the region, we know Sant Pol very well. Our team is our most important asset. <\/p>\n                            <\/div>\n            \t\t\t\t<\/div>\n\t\t\t\t<\/div>\n\t\t\t\t<div class=\"elementor-element elementor-element-da964e1 animated-slow elementor-invisible elementor-widget elementor-widget-houzez_elementor_testimonials_v2\" data-id=\"da964e1\" data-element_type=\"widget\" data-e-type=\"widget\" data-settings=\"{&quot;_animation&quot;:&quot;fadeIn&quot;}\" data-widget_type=\"houzez_elementor_testimonials_v2.default\">\n\t\t\t\t<div class=\"elementor-widget-container\">\n\t\t\t\t\t\n            <div class=\"testimonials-module testimonials-module-slider-v2 testimonials-module-v2\">\n                <div class=\"testimonials-slider-wrap-v2-arrows\"><\/div>\n                <div class=\"testimonials-slider-wrap-v2 houzez-all-slider-wrap\">\n                    <div class=\"testimonial-item testimonial-item-v2 mb-4\">\n\t<div class=\"testimonial-icon mb-2\">\n\t\t<i class=\"houzez-icon icon-close-quote\"><\/i>\n\t<\/div><!-- testimonial-icon -->\n\t<div class=\"testimonial-body mb-4\">\n\t\tI received excellent service from Merce and Izabella during my stay in San Pol for about six months. During my stay, they were very friendly and welcoming, very helpful in getting everything in order before and after the move and were always available to answer my questions. Very professional and friendly service; I highly recommend them if you plan to move to beautiful San Pol for an extended period of time!  \t<\/div><!-- testimonial-body -->\n\t<div class=\"d-flex align-items-center\">\n\t\t\n\t\t\t        <div class=\"testimonial-thumb mb-0 me-4\">\n\t            <img decoding=\"async\" width=\"70\" height=\"70\" src=\"https:\/\/finquespi.com\/wp-content\/uploads\/2025\/06\/img-testimonial-alquiler-sebastian.png\" class=\"img-fluid rounded-circle\" alt=\"img-testimonial-alquiler-sebastian\" srcset=\"\" \/>\t        <\/div>\n\t    \t\n\n\t\t<div class=\"testimonial-info\">\n\t\t\t<strong class=\"testimonial-name\">Sebastian Eriksson<\/strong><br>\n\t\t\t<em class=\"testimonial-job\"><\/em>\n\t\t<\/div><!-- testimonial-info -->\n\t<\/div><!-- d-flex -->\n<\/div><!-- testimonial-item --><div class=\"testimonial-item testimonial-item-v2 mb-4\">\n\t<div class=\"testimonial-icon mb-2\">\n\t\t<i class=\"houzez-icon icon-close-quote\"><\/i>\n\t<\/div><!-- testimonial-icon -->\n\t<div class=\"testimonial-body mb-4\">\n\t\tMy partner and I have just rented an apartment through Fincas Pi and we are delighted with the treatment received and the steps taken. The team is very professional, especially Merce and Isabel who trusted and bet on us from the first moment. \t<\/div><!-- testimonial-body -->\n\t<div class=\"d-flex align-items-center\">\n\t\t\n\t\t\t        <div class=\"testimonial-thumb mb-0 me-4\">\n\t            <img decoding=\"async\" width=\"70\" height=\"70\" src=\"https:\/\/finquespi.com\/wp-content\/uploads\/2025\/06\/img-testimonial-alquiler-itziar.png\" class=\"img-fluid rounded-circle\" alt=\"img-testimonial-alquiler-itziar\" srcset=\"\" \/>\t        <\/div>\n\t    \t\n\n\t\t<div class=\"testimonial-info\">\n\t\t\t<strong class=\"testimonial-name\">Itziar castello vivancos<\/strong><br>\n\t\t\t<em class=\"testimonial-job\"><\/em>\n\t\t<\/div><!-- testimonial-info -->\n\t<\/div><!-- d-flex -->\n<\/div><!-- testimonial-item --><div class=\"testimonial-item testimonial-item-v2 mb-4\">\n\t<div class=\"testimonial-icon mb-2\">\n\t\t<i class=\"houzez-icon icon-close-quote\"><\/i>\n\t<\/div><!-- testimonial-icon -->\n\t<div class=\"testimonial-body mb-4\">\n\t\tI am delighted to share my experience with Merc\u00e8, my rental agent with Finques Pi. From the beginning, her professionalism and dedication were evident, providing me with exceptional service at all times. \n\nMerc\u00e8 demonstrated a deep knowledge of the market and an innate ability to understand my specific needs. She was always willing to answer my questions and clarify any doubts I had. Her patience and kindness made the rental process much easier and comfortable for me.  \n\nHer professionalism, work ethic and friendly manner make her an outstanding choice. Thank you, Merc\u00e8, for making the rental process so positive and smooth - you are truly exceptional at what you do!  \t<\/div><!-- testimonial-body -->\n\t<div class=\"d-flex align-items-center\">\n\t\t\n\t\t\t        <div class=\"testimonial-thumb mb-0 me-4\">\n\t            <img decoding=\"async\" width=\"70\" height=\"70\" src=\"https:\/\/finquespi.com\/wp-content\/uploads\/2025\/06\/img-testimonial-alquiler-barbara.png\" class=\"img-fluid rounded-circle\" alt=\"img-testimonial-alquiler-barbara\" srcset=\"\" \/>\t        <\/div>\n\t    \t\n\n\t\t<div class=\"testimonial-info\">\n\t\t\t<strong class=\"testimonial-name\">Barbara Silva Serodio<\/strong><br>\n\t\t\t<em class=\"testimonial-job\"><\/em>\n\t\t<\/div><!-- testimonial-info -->\n\t<\/div><!-- d-flex -->\n<\/div><!-- testimonial-item --><div class=\"testimonial-item testimonial-item-v2 mb-4\">\n\t<div class=\"testimonial-icon mb-2\">\n\t\t<i class=\"houzez-icon icon-close-quote\"><\/i>\n\t<\/div><!-- testimonial-icon -->\n\t<div class=\"testimonial-body mb-4\">\n\t\tWe have sold our house with them. Personalized treatment, close, and accompanying in all the details of the process. \t<\/div><!-- testimonial-body -->\n\t<div class=\"d-flex align-items-center\">\n\t\t\n\t\t\t        <div class=\"testimonial-thumb mb-0 me-4\">\n\t            <img loading=\"lazy\" decoding=\"async\" width=\"70\" height=\"70\" src=\"https:\/\/finquespi.com\/wp-content\/uploads\/2025\/06\/img-testimonial-venta-david.png\" class=\"img-fluid rounded-circle\" alt=\"img-testimonial-venta-david\" srcset=\"\" \/>\t        <\/div>\n\t    \t\n\n\t\t<div class=\"testimonial-info\">\n\t\t\t<strong class=\"testimonial-name\">David Sevillano<\/strong><br>\n\t\t\t<em class=\"testimonial-job\"><\/em>\n\t\t<\/div><!-- testimonial-info -->\n\t<\/div><!-- d-flex -->\n<\/div><!-- testimonial-item --><div class=\"testimonial-item testimonial-item-v2 mb-4\">\n\t<div class=\"testimonial-icon mb-2\">\n\t\t<i class=\"houzez-icon icon-close-quote\"><\/i>\n\t<\/div><!-- testimonial-icon -->\n\t<div class=\"testimonial-body mb-4\">\n\t\tMy experience with them was very good. So when I sold the apartment and even better when we had to rent.\nThey were very sincere and looked for feasible solutions in a short period of time, when in other real estate agencies we presented the papers and they didn't even call us and if we called they didn't tell us anything.\nClose, sincere and kind treatment. \t<\/div><!-- testimonial-body -->\n\t<div class=\"d-flex align-items-center\">\n\t\t\n\t\t\t        <div class=\"testimonial-thumb mb-0 me-4\">\n\t            <img loading=\"lazy\" decoding=\"async\" width=\"70\" height=\"70\" src=\"https:\/\/finquespi.com\/wp-content\/uploads\/2025\/06\/img-testimonial-venta-sandra.png\" class=\"img-fluid rounded-circle\" alt=\"img-testimonial-venta-sandra\" srcset=\"\" \/>\t        <\/div>\n\t    \t\n\n\t\t<div class=\"testimonial-info\">\n\t\t\t<strong class=\"testimonial-name\">Sandra garcia<\/strong><br>\n\t\t\t<em class=\"testimonial-job\"><\/em>\n\t\t<\/div><!-- testimonial-info -->\n\t<\/div><!-- d-flex -->\n<\/div><!-- testimonial-item --><div class=\"testimonial-item testimonial-item-v2 mb-4\">\n\t<div class=\"testimonial-icon mb-2\">\n\t\t<i class=\"houzez-icon icon-close-quote\"><\/i>\n\t<\/div><!-- testimonial-icon -->\n\t<div class=\"testimonial-body mb-4\">\n\t\tWe were very happy with the overall service provided by Finques Pi. In particular, Merc\u00e8 attended us with great kindness, and demonstrated that they have the knowledge, positioning and customer orientation required to entrust them with the management of a property. \t<\/div><!-- testimonial-body -->\n\t<div class=\"d-flex align-items-center\">\n\t\t\n\t\t\t        <div class=\"testimonial-thumb mb-0 me-4\">\n\t            <img loading=\"lazy\" decoding=\"async\" width=\"70\" height=\"70\" src=\"https:\/\/finquespi.com\/wp-content\/uploads\/2025\/06\/img-testimonial-venta-gemma.png\" class=\"img-fluid rounded-circle\" alt=\"img-testimonial-venta-gemma\" srcset=\"\" \/>\t        <\/div>\n\t    \t\n\n\t\t<div class=\"testimonial-info\">\n\t\t\t<strong class=\"testimonial-name\">Gemma Bonet<\/strong><br>\n\t\t\t<em class=\"testimonial-job\"><\/em>\n\t\t<\/div><!-- testimonial-info -->\n\t<\/div><!-- d-flex -->\n<\/div><!-- testimonial-item --><div class=\"testimonial-item testimonial-item-v2 mb-4\">\n\t<div class=\"testimonial-icon mb-2\">\n\t\t<i class=\"houzez-icon icon-close-quote\"><\/i>\n\t<\/div><!-- testimonial-icon -->\n\t<div class=\"testimonial-body mb-4\">\n\t\tI recommend 100% Finques Pi. My experience in buying a house was excellent. I want to highlight the professionalism of Isabel, Merc\u00e8 and Montse. They accompanied me throughout the process with kindness, closeness and transparency. I felt the peace of mind of being in good hands, especially in the day-to-day management: fluid communication, documentation, visits, deposit, advice, availability... From the first visit to the property until the day of the signing, everything was easy.     \t<\/div><!-- testimonial-body -->\n\t<div class=\"d-flex align-items-center\">\n\t\t\n\t\t\t        <div class=\"testimonial-thumb mb-0 me-4\">\n\t            <img loading=\"lazy\" decoding=\"async\" width=\"70\" height=\"70\" src=\"https:\/\/finquespi.com\/wp-content\/uploads\/2025\/06\/img-testimonial-compra-tomas.png\" class=\"img-fluid rounded-circle\" alt=\"img-testimonial-compra-tomas\" srcset=\"\" \/>\t        <\/div>\n\t    \t\n\n\t\t<div class=\"testimonial-info\">\n\t\t\t<strong class=\"testimonial-name\">Tomas medina foussadier<\/strong><br>\n\t\t\t<em class=\"testimonial-job\"><\/em>\n\t\t<\/div><!-- testimonial-info -->\n\t<\/div><!-- d-flex -->\n<\/div><!-- testimonial-item --><div class=\"testimonial-item testimonial-item-v2 mb-4\">\n\t<div class=\"testimonial-icon mb-2\">\n\t\t<i class=\"houzez-icon icon-close-quote\"><\/i>\n\t<\/div><!-- testimonial-icon -->\n\t<div class=\"testimonial-body mb-4\">\n\t\tThe experience with Finques Pi has been perfect. We were looking for a house in Sant Pol de Mar and thanks to the professionalism of Merc\u00e8, Isabel and Montse we have found it. They have advised us and accompanied us throughout the process. They have always been available, they have adapted to our schedules, we have made all the necessary visits and accompanied us in the administrative process of the purchase. Totally recommendable...    \t<\/div><!-- testimonial-body -->\n\t<div class=\"d-flex align-items-center\">\n\t\t\n\t\t\t        <div class=\"testimonial-thumb mb-0 me-4\">\n\t            <img loading=\"lazy\" decoding=\"async\" width=\"70\" height=\"70\" src=\"https:\/\/finquespi.com\/wp-content\/uploads\/2025\/06\/img-testimonial-compra-jose-maria.png\" class=\"img-fluid rounded-circle\" alt=\"img-testimonial-compra-jose-maria\" srcset=\"\" \/>\t        <\/div>\n\t    \t\n\n\t\t<div class=\"testimonial-info\">\n\t\t\t<strong class=\"testimonial-name\">Jos\u00e9 Mar\u00eda D\u00edaz Garc\u00eda<\/strong><br>\n\t\t\t<em class=\"testimonial-job\"><\/em>\n\t\t<\/div><!-- testimonial-info -->\n\t<\/div><!-- d-flex -->\n<\/div><!-- testimonial-item --><div class=\"testimonial-item testimonial-item-v2 mb-4\">\n\t<div class=\"testimonial-icon mb-2\">\n\t\t<i class=\"houzez-icon icon-close-quote\"><\/i>\n\t<\/div><!-- testimonial-icon -->\n\t<div class=\"testimonial-body mb-4\">\n\t\tMy experience with Finques Pi in Sant Pol de Mar, Barcelona, was exceptional!\n\nMerc\u00e8, our realtor, was incredibly helpful and got us a house super fast. She took care of the entire process and answered all of our questions throughout the entire process. \n\nAs soon as we entered the house, we noticed two small problems: one related to a water leak and the other to a broken coffee maker. In less than 2 days, both problems were solved! \n\nI can only recommend them!\t<\/div><!-- testimonial-body -->\n\t<div class=\"d-flex align-items-center\">\n\t\t\n\t\t\t        <div class=\"testimonial-thumb mb-0 me-4\">\n\t            <img loading=\"lazy\" decoding=\"async\" width=\"70\" height=\"70\" src=\"https:\/\/finquespi.com\/wp-content\/uploads\/2025\/06\/img-testimonial-compra-joao.png\" class=\"img-fluid rounded-circle\" alt=\"img-testimonial-compra-joao\" srcset=\"\" \/>\t        <\/div>\n\t    \t\n\n\t\t<div class=\"testimonial-info\">\n\t\t\t<strong class=\"testimonial-name\">Jo\u00e3o Gon\u00e7alves<\/strong><br>\n\t\t\t<em class=\"testimonial-job\"><\/em>\n\t\t<\/div><!-- testimonial-info -->\n\t<\/div><!-- d-flex -->\n<\/div><!-- testimonial-item -->                <\/div><!-- testimonials-slider -->\n            <\/div><!-- testimonials-module -->\n\n        \n\n        \t\t\t\t<\/div>\n\t\t\t\t<\/div>\n\t\t\t\t<div class=\"elementor-element elementor-element-b515052 elementor-align-center i-outilne elementor-widget elementor-widget-button\" data-id=\"b515052\" data-element_type=\"widget\" data-e-type=\"widget\" data-widget_type=\"button.default\">\n\t\t\t\t<div class=\"elementor-widget-container\">\n\t\t\t\t\t\t\t\t\t<div class=\"elementor-button-wrapper\">\n\t\t\t\t\t<a class=\"elementor-button elementor-button-link elementor-size-sm\" href=\"https:\/\/finquespi.com\/en\/contact\/\">\n\t\t\t\t\t\t<span class=\"elementor-button-content-wrapper\">\n\t\t\t\t\t\t\t\t\t<span class=\"elementor-button-text\">Contact with us<\/span>\n\t\t\t\t\t<\/span>\n\t\t\t\t\t<\/a>\n\t\t\t\t<\/div>\n\t\t\t\t\t\t\t\t<\/div>\n\t\t\t\t<\/div>\n\t\t\t\t\t<\/div>\n\t\t<\/div>\n\t\t\t\t\t<\/div>\n\t\t<\/section>\n\t\t\t\t\t<\/div>\n\t\t<\/div>\n\t\t\t\t\t<\/div>\n\t\t<\/section>\n\t\t\t\t<\/div>\n\t\t","protected":false},"excerpt":{"rendered":"<p>Meet the Finques Pi team We are a family company with personnel from the region, we know Sant Pol very well. Our team is our most important asset. Recib\u00ed un servicio excelente de Merce y Izabella durante mi estancia en San Pol durante unos seis meses. Durante mi estancia, fueron muy amables y acogedores, me [&hellip;]<\/p>\n","protected":false},"author":1,"featured_media":0,"parent":0,"menu_order":0,"comment_status":"closed","ping_status":"closed","template":"template\/template-search.php","meta":{"footnotes":""},"class_list":["post-30652","page","type-page","status-publish","hentry"],"yoast_head":"<!-- This site is optimized with the Yoast SEO plugin v27.3 - https:\/\/yoast.com\/product\/yoast-seo-wordpress\/ -->\n<title>Finques Pi<\/title>\n<meta name=\"robots\" content=\"index, follow, max-snippet:-1, max-image-preview:large, max-video-preview:-1\" \/>\n<link rel=\"canonical\" href=\"https:\/\/finquespi.com\/en\/searchs\/\" \/>\n<meta property=\"og:locale\" content=\"en_US\" \/>\n<meta property=\"og:type\" content=\"article\" \/>\n<meta property=\"og:title\" content=\"Search | Finques Pi\" \/>\n<meta property=\"og:description\" content=\"Meet the Finques Pi team We are a family company with personnel from the region, we know Sant Pol very well. Our team is our most important asset. Recib\u00ed un servicio excelente de Merce y Izabella durante mi estancia en San Pol durante unos seis meses. Durante mi estancia, fueron muy amables y acogedores, me [&hellip;]\" \/>\n<meta property=\"og:url\" content=\"https:\/\/finquespi.com\/en\/searchs\/\" \/>\n<meta property=\"og:site_name\" content=\"Finques Pi\" \/>\n<meta property=\"article:modified_time\" content=\"2025-07-07T10:46:34+00:00\" \/>\n<meta property=\"og:image\" content=\"https:\/\/finquespi.com\/wp-content\/uploads\/2025\/06\/img-testimonial-alquiler-sebastian.png\" \/>\n<meta name=\"twitter:card\" content=\"summary_large_image\" \/>\n<meta name=\"twitter:label1\" content=\"Est. reading time\" \/>\n\t<meta name=\"twitter:data1\" content=\"1 minute\" \/>\n<script type=\"application\/ld+json\" class=\"yoast-schema-graph\">{\"@context\":\"https:\\\/\\\/schema.org\",\"@graph\":[{\"@type\":\"WebPage\",\"@id\":\"https:\\\/\\\/finquespi.com\\\/en\\\/searchs\\\/\",\"url\":\"https:\\\/\\\/finquespi.com\\\/en\\\/searchs\\\/\",\"name\":\"Search | Finques Pi\",\"isPartOf\":{\"@id\":\"https:\\\/\\\/finquespi.com\\\/en\\\/#website\"},\"primaryImageOfPage\":{\"@id\":\"https:\\\/\\\/finquespi.com\\\/en\\\/searchs\\\/#primaryimage\"},\"image\":{\"@id\":\"https:\\\/\\\/finquespi.com\\\/en\\\/searchs\\\/#primaryimage\"},\"thumbnailUrl\":\"https:\\\/\\\/finquespi.com\\\/wp-content\\\/uploads\\\/2025\\\/06\\\/img-testimonial-alquiler-sebastian.png\",\"datePublished\":\"2020-02-27T15:59:06+00:00\",\"dateModified\":\"2025-07-07T10:46:34+00:00\",\"breadcrumb\":{\"@id\":\"https:\\\/\\\/finquespi.com\\\/en\\\/searchs\\\/#breadcrumb\"},\"inLanguage\":\"en-US\",\"potentialAction\":[{\"@type\":\"ReadAction\",\"target\":[\"https:\\\/\\\/finquespi.com\\\/en\\\/searchs\\\/\"]}]},{\"@type\":\"ImageObject\",\"inLanguage\":\"en-US\",\"@id\":\"https:\\\/\\\/finquespi.com\\\/en\\\/searchs\\\/#primaryimage\",\"url\":\"https:\\\/\\\/finquespi.com\\\/wp-content\\\/uploads\\\/2025\\\/06\\\/img-testimonial-alquiler-sebastian.png\",\"contentUrl\":\"https:\\\/\\\/finquespi.com\\\/wp-content\\\/uploads\\\/2025\\\/06\\\/img-testimonial-alquiler-sebastian.png\"},{\"@type\":\"BreadcrumbList\",\"@id\":\"https:\\\/\\\/finquespi.com\\\/en\\\/searchs\\\/#breadcrumb\",\"itemListElement\":[{\"@type\":\"ListItem\",\"position\":1,\"name\":\"Home\",\"item\":\"https:\\\/\\\/finquespi.com\\\/en\\\/\"},{\"@type\":\"ListItem\",\"position\":2,\"name\":\"Search\"}]},{\"@type\":\"WebSite\",\"@id\":\"https:\\\/\\\/finquespi.com\\\/en\\\/#website\",\"url\":\"https:\\\/\\\/finquespi.com\\\/en\\\/\",\"name\":\"Finques Pi\",\"description\":\"\",\"potentialAction\":[{\"@type\":\"SearchAction\",\"target\":{\"@type\":\"EntryPoint\",\"urlTemplate\":\"https:\\\/\\\/finquespi.com\\\/en\\\/?s={search_term_string}\"},\"query-input\":{\"@type\":\"PropertyValueSpecification\",\"valueRequired\":true,\"valueName\":\"search_term_string\"}}],\"inLanguage\":\"en-US\"}]}<\/script>\n<!-- \/ Yoast SEO plugin. -->","yoast_head_json":{"title":"Finques Pi","robots":{"index":"index","follow":"follow","max-snippet":"max-snippet:-1","max-image-preview":"max-image-preview:large","max-video-preview":"max-video-preview:-1"},"canonical":"https:\/\/finquespi.com\/en\/searchs\/","og_locale":"en_US","og_type":"article","og_title":"Search | Finques Pi","og_description":"Meet the Finques Pi team We are a family company with personnel from the region, we know Sant Pol very well. Our team is our most important asset. Recib\u00ed un servicio excelente de Merce y Izabella durante mi estancia en San Pol durante unos seis meses. Durante mi estancia, fueron muy amables y acogedores, me [&hellip;]","og_url":"https:\/\/finquespi.com\/en\/searchs\/","og_site_name":"Finques Pi","article_modified_time":"2025-07-07T10:46:34+00:00","og_image":[{"url":"https:\/\/finquespi.com\/wp-content\/uploads\/2025\/06\/img-testimonial-alquiler-sebastian.png","type":"","width":"","height":""}],"twitter_card":"summary_large_image","twitter_misc":{"Est. reading time":"1 minute"},"schema":{"@context":"https:\/\/schema.org","@graph":[{"@type":"WebPage","@id":"https:\/\/finquespi.com\/en\/searchs\/","url":"https:\/\/finquespi.com\/en\/searchs\/","name":"Search | Finques Pi","isPartOf":{"@id":"https:\/\/finquespi.com\/en\/#website"},"primaryImageOfPage":{"@id":"https:\/\/finquespi.com\/en\/searchs\/#primaryimage"},"image":{"@id":"https:\/\/finquespi.com\/en\/searchs\/#primaryimage"},"thumbnailUrl":"https:\/\/finquespi.com\/wp-content\/uploads\/2025\/06\/img-testimonial-alquiler-sebastian.png","datePublished":"2020-02-27T15:59:06+00:00","dateModified":"2025-07-07T10:46:34+00:00","breadcrumb":{"@id":"https:\/\/finquespi.com\/en\/searchs\/#breadcrumb"},"inLanguage":"en-US","potentialAction":[{"@type":"ReadAction","target":["https:\/\/finquespi.com\/en\/searchs\/"]}]},{"@type":"ImageObject","inLanguage":"en-US","@id":"https:\/\/finquespi.com\/en\/searchs\/#primaryimage","url":"https:\/\/finquespi.com\/wp-content\/uploads\/2025\/06\/img-testimonial-alquiler-sebastian.png","contentUrl":"https:\/\/finquespi.com\/wp-content\/uploads\/2025\/06\/img-testimonial-alquiler-sebastian.png"},{"@type":"BreadcrumbList","@id":"https:\/\/finquespi.com\/en\/searchs\/#breadcrumb","itemListElement":[{"@type":"ListItem","position":1,"name":"Home","item":"https:\/\/finquespi.com\/en\/"},{"@type":"ListItem","position":2,"name":"Search"}]},{"@type":"WebSite","@id":"https:\/\/finquespi.com\/en\/#website","url":"https:\/\/finquespi.com\/en\/","name":"Finques Pi","description":"","potentialAction":[{"@type":"SearchAction","target":{"@type":"EntryPoint","urlTemplate":"https:\/\/finquespi.com\/en\/?s={search_term_string}"},"query-input":{"@type":"PropertyValueSpecification","valueRequired":true,"valueName":"search_term_string"}}],"inLanguage":"en-US"}]}},"_links":{"self":[{"href":"https:\/\/finquespi.com\/en\/wp-json\/wp\/v2\/pages\/30652","targetHints":{"allow":["GET"]}}],"collection":[{"href":"https:\/\/finquespi.com\/en\/wp-json\/wp\/v2\/pages"}],"about":[{"href":"https:\/\/finquespi.com\/en\/wp-json\/wp\/v2\/types\/page"}],"author":[{"embeddable":true,"href":"https:\/\/finquespi.com\/en\/wp-json\/wp\/v2\/users\/1"}],"replies":[{"embeddable":true,"href":"https:\/\/finquespi.com\/en\/wp-json\/wp\/v2\/comments?post=30652"}],"version-history":[{"count":7,"href":"https:\/\/finquespi.com\/en\/wp-json\/wp\/v2\/pages\/30652\/revisions"}],"predecessor-version":[{"id":37746,"href":"https:\/\/finquespi.com\/en\/wp-json\/wp\/v2\/pages\/30652\/revisions\/37746"}],"wp:attachment":[{"href":"https:\/\/finquespi.com\/en\/wp-json\/wp\/v2\/media?parent=30652"}],"curies":[{"name":"wp","href":"https:\/\/api.w.org\/{rel}","templated":true}]}}