{"id":30651,"date":"2020-02-27T16:59:06","date_gmt":"2020-02-27T15:59:06","guid":{"rendered":"https:\/\/finquespi.com\/search-results\/"},"modified":"2025-07-07T12:46:34","modified_gmt":"2025-07-07T10:46:34","slug":"cerca","status":"publish","type":"page","link":"https:\/\/finquespi.com\/ca\/cerca\/","title":{"rendered":"Cerca"},"content":{"rendered":"\t\t<div data-elementor-type=\"wp-page\" data-elementor-id=\"30651\" class=\"elementor elementor-30651 elementor-16859\">\n\t\t\t\t\t\t<section class=\"elementor-section elementor-top-section elementor-element elementor-element-fa5dae7 elementor-section-content-middle elementor-section-stretched elementor-section-full_width elementor-section-height-default elementor-section-height-default\" data-id=\"fa5dae7\" data-element_type=\"section\" data-e-type=\"section\" data-settings=\"{&quot;stretch_section&quot;:&quot;section-stretched&quot;,&quot;background_background&quot;:&quot;classic&quot;}\">\n\t\t\t\t\t\t\t<div class=\"elementor-background-overlay\"><\/div>\n\t\t\t\t\t\t\t<div class=\"elementor-container elementor-column-gap-wide\">\n\t\t\t\t\t<div class=\"elementor-column elementor-col-100 elementor-top-column elementor-element elementor-element-acdc76e\" data-id=\"acdc76e\" data-element_type=\"column\" data-e-type=\"column\">\n\t\t\t<div class=\"elementor-widget-wrap elementor-element-populated\">\n\t\t\t\t\t\t<section class=\"elementor-section elementor-inner-section elementor-element elementor-element-fcb1ab5 elementor-section-boxed elementor-section-height-default elementor-section-height-default\" data-id=\"fcb1ab5\" data-element_type=\"section\" data-e-type=\"section\">\n\t\t\t\t\t\t<div class=\"elementor-container elementor-column-gap-extended\">\n\t\t\t\t\t<div class=\"elementor-column elementor-col-100 elementor-inner-column elementor-element elementor-element-2af33cf\" data-id=\"2af33cf\" data-element_type=\"column\" data-e-type=\"column\">\n\t\t\t<div class=\"elementor-widget-wrap elementor-element-populated\">\n\t\t\t\t\t\t<div class=\"elementor-element elementor-element-fe84285 animated-slow elementor-invisible elementor-widget elementor-widget-houzez_elementor_section_title\" data-id=\"fe84285\" data-element_type=\"widget\" data-e-type=\"widget\" data-settings=\"{&quot;_animation&quot;:&quot;fadeIn&quot;}\" data-widget_type=\"houzez_elementor_section_title.default\">\n\t\t\t\t<div class=\"elementor-widget-container\">\n\t\t\t\t\t            <div class=\"houzez_section_title_wrap section-title-module\">\n                                    <h2 class=\"houzez_section_title\">Coneix l'equip de Finques Pi<\/h2>\n                \n                                    <p class=\"houzez_section_subtitle\">Som una empresa familiar amb personal de la regi\u00f3, coneixem molt b\u00e9 Sant Pol. El nostre equip \u00e9s el nostre actiu m\u00e9s important. <\/p>\n                            <\/div>\n            \t\t\t\t<\/div>\n\t\t\t\t<\/div>\n\t\t\t\t<div class=\"elementor-element elementor-element-da964e1 animated-slow elementor-invisible elementor-widget elementor-widget-houzez_elementor_testimonials_v2\" data-id=\"da964e1\" data-element_type=\"widget\" data-e-type=\"widget\" data-settings=\"{&quot;_animation&quot;:&quot;fadeIn&quot;}\" data-widget_type=\"houzez_elementor_testimonials_v2.default\">\n\t\t\t\t<div class=\"elementor-widget-container\">\n\t\t\t\t\t\n            <div class=\"testimonials-module testimonials-module-slider-v2 testimonials-module-v2\">\n                <div class=\"testimonials-slider-wrap-v2-arrows\"><\/div>\n                <div class=\"testimonials-slider-wrap-v2 houzez-all-slider-wrap\">\n                    <div class=\"testimonial-item testimonial-item-v2 mb-4\">\n\t<div class=\"testimonial-icon mb-2\">\n\t\t<i class=\"houzez-icon icon-close-quote\"><\/i>\n\t<\/div><!-- testimonial-icon -->\n\t<div class=\"testimonial-body mb-4\">\n\t\tVaig rebre un servei excel\u00b7lent de Merce i Izabella durant la meva estada a Sant Pol durant uns sis mesos. Durant la meva estada, van ser molt amables i acollidors, em van ajudar molt a posar tot en ordre abans i despr\u00e9s de la mudan\u00e7a i sempre van estar disponibles per respondre a les meves preguntes. Un servei molt professional i amable; \u00a1els recomano encaridament si planeges mudar-te a l'herm\u00f3s Sant Pol per un temps prolongat!  \t<\/div><!-- testimonial-body -->\n\t<div class=\"d-flex align-items-center\">\n\t\t\n\t\t\t        <div class=\"testimonial-thumb mb-0 me-4\">\n\t            <img decoding=\"async\" width=\"70\" height=\"70\" src=\"https:\/\/finquespi.com\/wp-content\/uploads\/2025\/06\/img-testimonial-alquiler-sebastian.png\" class=\"img-fluid rounded-circle\" alt=\"img-testimonial-alquiler-sebastian\" srcset=\"\" \/>\t        <\/div>\n\t    \t\n\n\t\t<div class=\"testimonial-info\">\n\t\t\t<strong class=\"testimonial-name\">Sebastian Eriksson<\/strong><br>\n\t\t\t<em class=\"testimonial-job\"><\/em>\n\t\t<\/div><!-- testimonial-info -->\n\t<\/div><!-- d-flex -->\n<\/div><!-- testimonial-item --><div class=\"testimonial-item testimonial-item-v2 mb-4\">\n\t<div class=\"testimonial-icon mb-2\">\n\t\t<i class=\"houzez-icon icon-close-quote\"><\/i>\n\t<\/div><!-- testimonial-icon -->\n\t<div class=\"testimonial-body mb-4\">\n\t\tLa meva parella i jo, acabem de llogar un pis a trav\u00e9s de Finques Pi i estem encantats amb el tracte rebut i les gestions realitzades. L'equip \u00e9s molt professional, especialment Merce i Isabel que van confiar i van apostar per nosaltres des del primer moment. \t<\/div><!-- testimonial-body -->\n\t<div class=\"d-flex align-items-center\">\n\t\t\n\t\t\t        <div class=\"testimonial-thumb mb-0 me-4\">\n\t            <img decoding=\"async\" width=\"70\" height=\"70\" src=\"https:\/\/finquespi.com\/wp-content\/uploads\/2025\/06\/img-testimonial-alquiler-itziar.png\" class=\"img-fluid rounded-circle\" alt=\"img-testimonial-alquiler-itziar\" srcset=\"\" \/>\t        <\/div>\n\t    \t\n\n\t\t<div class=\"testimonial-info\">\n\t\t\t<strong class=\"testimonial-name\">Itziar castell vivancos<\/strong><br>\n\t\t\t<em class=\"testimonial-job\"><\/em>\n\t\t<\/div><!-- testimonial-info -->\n\t<\/div><!-- d-flex -->\n<\/div><!-- testimonial-item --><div class=\"testimonial-item testimonial-item-v2 mb-4\">\n\t<div class=\"testimonial-icon mb-2\">\n\t\t<i class=\"houzez-icon icon-close-quote\"><\/i>\n\t<\/div><!-- testimonial-icon -->\n\t<div class=\"testimonial-body mb-4\">\n\t\tEstic encantada de compartir la meva experi\u00e8ncia amb Merc\u00e8, el meu agent de lloguer amb Finques Pi. Des del principi, el seu professionalisme i dedicaci\u00f3 van ser evidents, brindant-me un servei excepcional en tot moment. \n\nMerc\u00e8 va demostrar un profund coneixement del mercat i una habilitat innata per entendre les meves necessitats espec\u00edfiques. Sempre va estar disposada a respondre a les meves preguntes i aclarir qualsevol dubte que tingu\u00e9s. La seva paci\u00e8ncia i amabilitat van fer que el proc\u00e9s de lloguer fos molt m\u00e9s f\u00e0cil i c\u00f2mode per a mi.  \n\nEl seu professionalisme, \u00e8tica de treball i tracte amable en fan una elecci\u00f3 sobresortint. Gr\u00e0cies, Merc\u00e8, per fer que el proc\u00e9s de lloguer sigui tan positiu i sense problemes. Ets realment excepcional en el que fas!  \t<\/div><!-- testimonial-body -->\n\t<div class=\"d-flex align-items-center\">\n\t\t\n\t\t\t        <div class=\"testimonial-thumb mb-0 me-4\">\n\t            <img decoding=\"async\" width=\"70\" height=\"70\" src=\"https:\/\/finquespi.com\/wp-content\/uploads\/2025\/06\/img-testimonial-alquiler-barbara.png\" class=\"img-fluid rounded-circle\" alt=\"img-testimonial-alquiler-barbara\" srcset=\"\" \/>\t        <\/div>\n\t    \t\n\n\t\t<div class=\"testimonial-info\">\n\t\t\t<strong class=\"testimonial-name\">Barbara Silva Serodio<\/strong><br>\n\t\t\t<em class=\"testimonial-job\"><\/em>\n\t\t<\/div><!-- testimonial-info -->\n\t<\/div><!-- d-flex -->\n<\/div><!-- testimonial-item --><div class=\"testimonial-item testimonial-item-v2 mb-4\">\n\t<div class=\"testimonial-icon mb-2\">\n\t\t<i class=\"houzez-icon icon-close-quote\"><\/i>\n\t<\/div><!-- testimonial-icon -->\n\t<div class=\"testimonial-body mb-4\">\n\t\tHem venut casa nostra amb ells. Tracte personalitzat, proper, i acompanyant en tots els detalls del proc\u00e9s. \t<\/div><!-- testimonial-body -->\n\t<div class=\"d-flex align-items-center\">\n\t\t\n\t\t\t        <div class=\"testimonial-thumb mb-0 me-4\">\n\t            <img loading=\"lazy\" decoding=\"async\" width=\"70\" height=\"70\" src=\"https:\/\/finquespi.com\/wp-content\/uploads\/2025\/06\/img-testimonial-venta-david.png\" class=\"img-fluid rounded-circle\" alt=\"img-testimonial-venta-david\" srcset=\"\" \/>\t        <\/div>\n\t    \t\n\n\t\t<div class=\"testimonial-info\">\n\t\t\t<strong class=\"testimonial-name\">David Sevillano<\/strong><br>\n\t\t\t<em class=\"testimonial-job\"><\/em>\n\t\t<\/div><!-- testimonial-info -->\n\t<\/div><!-- d-flex -->\n<\/div><!-- testimonial-item --><div class=\"testimonial-item testimonial-item-v2 mb-4\">\n\t<div class=\"testimonial-icon mb-2\">\n\t\t<i class=\"houzez-icon icon-close-quote\"><\/i>\n\t<\/div><!-- testimonial-icon -->\n\t<div class=\"testimonial-body mb-4\">\n\t\tLa meva experi\u00e8ncia amb ells va ser molt bona. Aix\u00ed quan vaig vendre el pis i millor encara quan haur\u00edem de llogar.\nVan ser molt sincers i ens van buscar solucions factibles en breu per\u00edode de temps, quan en altres immobili\u00e0ries present\u00e0vem els papers i ni ens cridaven i si anomen\u00e0vem nosaltres no ens deien res.\nTracte proper, sincer i amable. \t<\/div><!-- testimonial-body -->\n\t<div class=\"d-flex align-items-center\">\n\t\t\n\t\t\t        <div class=\"testimonial-thumb mb-0 me-4\">\n\t            <img loading=\"lazy\" decoding=\"async\" width=\"70\" height=\"70\" src=\"https:\/\/finquespi.com\/wp-content\/uploads\/2025\/06\/img-testimonial-venta-sandra.png\" class=\"img-fluid rounded-circle\" alt=\"img-testimonial-venta-sandra\" srcset=\"\" \/>\t        <\/div>\n\t    \t\n\n\t\t<div class=\"testimonial-info\">\n\t\t\t<strong class=\"testimonial-name\">Sandra garcia<\/strong><br>\n\t\t\t<em class=\"testimonial-job\"><\/em>\n\t\t<\/div><!-- testimonial-info -->\n\t<\/div><!-- d-flex -->\n<\/div><!-- testimonial-item --><div class=\"testimonial-item testimonial-item-v2 mb-4\">\n\t<div class=\"testimonial-icon mb-2\">\n\t\t<i class=\"houzez-icon icon-close-quote\"><\/i>\n\t<\/div><!-- testimonial-icon -->\n\t<div class=\"testimonial-body mb-4\">\n\t\tNosaltres quedem molt contents amb el servei en general per part de Finques Pi. Concretament, Merc\u00e8 ens va atendre amb molta amabilitat, i va demostrar que tenen els coneixements, el posicionament i l'orientaci\u00f3 al client que es requereixen per confiar-los la gesti\u00f3 d'una propietat. \t<\/div><!-- testimonial-body -->\n\t<div class=\"d-flex align-items-center\">\n\t\t\n\t\t\t        <div class=\"testimonial-thumb mb-0 me-4\">\n\t            <img loading=\"lazy\" decoding=\"async\" width=\"70\" height=\"70\" src=\"https:\/\/finquespi.com\/wp-content\/uploads\/2025\/06\/img-testimonial-venta-gemma.png\" class=\"img-fluid rounded-circle\" alt=\"img-testimonial-venta-gemma\" srcset=\"\" \/>\t        <\/div>\n\t    \t\n\n\t\t<div class=\"testimonial-info\">\n\t\t\t<strong class=\"testimonial-name\">Gemma Bonet<\/strong><br>\n\t\t\t<em class=\"testimonial-job\"><\/em>\n\t\t<\/div><!-- testimonial-info -->\n\t<\/div><!-- d-flex -->\n<\/div><!-- testimonial-item --><div class=\"testimonial-item testimonial-item-v2 mb-4\">\n\t<div class=\"testimonial-icon mb-2\">\n\t\t<i class=\"houzez-icon icon-close-quote\"><\/i>\n\t<\/div><!-- testimonial-icon -->\n\t<div class=\"testimonial-body mb-4\">\n\t\tRecomano 100% Finques Pi. La meva experi\u00e8ncia en la compra d'un habitatge va ser Excel\u00b7lent. Vull destacar la professionalitat d'Isabel, Merc\u00e8 i Montse. Em van acompanyar en tot el proc\u00e9s amb amabilitat, rodalia i transpar\u00e8ncia. Sent\u00ed la tranquil\u00b7litat d'estar en bones mans, especialment, en les gestions del dia a dia: comunicaci\u00f3 fluida, documentaci\u00f3, visites, arrossos, assessorament, disponibilitat... Des de la 1a visita a l'immoble fins al dia de la firma tot va ser f\u00e0cil.     \t<\/div><!-- testimonial-body -->\n\t<div class=\"d-flex align-items-center\">\n\t\t\n\t\t\t        <div class=\"testimonial-thumb mb-0 me-4\">\n\t            <img loading=\"lazy\" decoding=\"async\" width=\"70\" height=\"70\" src=\"https:\/\/finquespi.com\/wp-content\/uploads\/2025\/06\/img-testimonial-compra-tomas.png\" class=\"img-fluid rounded-circle\" alt=\"img-testimonial-compra-tomas\" srcset=\"\" \/>\t        <\/div>\n\t    \t\n\n\t\t<div class=\"testimonial-info\">\n\t\t\t<strong class=\"testimonial-name\">Tomas medina foussadier<\/strong><br>\n\t\t\t<em class=\"testimonial-job\"><\/em>\n\t\t<\/div><!-- testimonial-info -->\n\t<\/div><!-- d-flex -->\n<\/div><!-- testimonial-item --><div class=\"testimonial-item testimonial-item-v2 mb-4\">\n\t<div class=\"testimonial-icon mb-2\">\n\t\t<i class=\"houzez-icon icon-close-quote\"><\/i>\n\t<\/div><!-- testimonial-icon -->\n\t<div class=\"testimonial-body mb-4\">\n\t\tL'experi\u00e8ncia amb Finques Pi ha estat perfecta. Est\u00e0vem buscant una casa a Sant Pol de Mar i gr\u00e0cies a la professionalitat de Merc\u00e8, Isabel i Montse l'hem trobat. Ens han assessorat i acompanyat durant tot el proc\u00e9s. Han estat sempre disponibles, s'han adaptat als nostres horaris, hem fet totes les visites necess\u00e0ries i ens acompanyat en el proc\u00e9s administratiu de la compra. Totalment recomanable...    \t<\/div><!-- testimonial-body -->\n\t<div class=\"d-flex align-items-center\">\n\t\t\n\t\t\t        <div class=\"testimonial-thumb mb-0 me-4\">\n\t            <img loading=\"lazy\" decoding=\"async\" width=\"70\" height=\"70\" src=\"https:\/\/finquespi.com\/wp-content\/uploads\/2025\/06\/img-testimonial-compra-jose-maria.png\" class=\"img-fluid rounded-circle\" alt=\"img-testimonial-compra-jose-maria\" srcset=\"\" \/>\t        <\/div>\n\t    \t\n\n\t\t<div class=\"testimonial-info\">\n\t\t\t<strong class=\"testimonial-name\">Jos\u00e9 Mar\u00eda D\u00edaz Garc\u00eda<\/strong><br>\n\t\t\t<em class=\"testimonial-job\"><\/em>\n\t\t<\/div><!-- testimonial-info -->\n\t<\/div><!-- d-flex -->\n<\/div><!-- testimonial-item --><div class=\"testimonial-item testimonial-item-v2 mb-4\">\n\t<div class=\"testimonial-icon mb-2\">\n\t\t<i class=\"houzez-icon icon-close-quote\"><\/i>\n\t<\/div><!-- testimonial-icon -->\n\t<div class=\"testimonial-body mb-4\">\n\t\tLa meva experi\u00e8ncia amb Finques Pi a Sant Pol de Mar, Barcelona, va ser excepcional!\n\nMerc\u00e8, la nostra agent immobili\u00e0ria, va ser incre\u00efblement servicial i ens va aconseguir una casa s\u00faper r\u00e0pid. Es va encarregar de tot el proc\u00e9s i va respondre a totes les nostres preguntes durant tot el proc\u00e9s. \n\nTan aviat com entrem a la casa, notem dos petits problemes: un relacionat amb una fuita d'aigua i un altre amb una cafetera trencada. En menys de 2 dies, tots dos problemes es van resoldre! \n\nNom\u00e9s puc recomanar-los!\t<\/div><!-- testimonial-body -->\n\t<div class=\"d-flex align-items-center\">\n\t\t\n\t\t\t        <div class=\"testimonial-thumb mb-0 me-4\">\n\t            <img loading=\"lazy\" decoding=\"async\" width=\"70\" height=\"70\" src=\"https:\/\/finquespi.com\/wp-content\/uploads\/2025\/06\/img-testimonial-compra-joao.png\" class=\"img-fluid rounded-circle\" alt=\"img-testimonial-compra-joao\" srcset=\"\" \/>\t        <\/div>\n\t    \t\n\n\t\t<div class=\"testimonial-info\">\n\t\t\t<strong class=\"testimonial-name\">Jo\u00e3o Gon\u00e7alves<\/strong><br>\n\t\t\t<em class=\"testimonial-job\"><\/em>\n\t\t<\/div><!-- testimonial-info -->\n\t<\/div><!-- d-flex -->\n<\/div><!-- testimonial-item -->                <\/div><!-- testimonials-slider -->\n            <\/div><!-- testimonials-module -->\n\n        \n\n        \t\t\t\t<\/div>\n\t\t\t\t<\/div>\n\t\t\t\t<div class=\"elementor-element elementor-element-b515052 elementor-align-center i-outilne elementor-widget elementor-widget-button\" data-id=\"b515052\" data-element_type=\"widget\" data-e-type=\"widget\" data-widget_type=\"button.default\">\n\t\t\t\t<div class=\"elementor-widget-container\">\n\t\t\t\t\t\t\t\t\t<div class=\"elementor-button-wrapper\">\n\t\t\t\t\t<a class=\"elementor-button elementor-button-link elementor-size-sm\" href=\"https:\/\/finquespi.com\/ca\/contacte\/\">\n\t\t\t\t\t\t<span class=\"elementor-button-content-wrapper\">\n\t\t\t\t\t\t\t\t\t<span class=\"elementor-button-text\">Contacta amb nosaltres<\/span>\n\t\t\t\t\t<\/span>\n\t\t\t\t\t<\/a>\n\t\t\t\t<\/div>\n\t\t\t\t\t\t\t\t<\/div>\n\t\t\t\t<\/div>\n\t\t\t\t\t<\/div>\n\t\t<\/div>\n\t\t\t\t\t<\/div>\n\t\t<\/section>\n\t\t\t\t\t<\/div>\n\t\t<\/div>\n\t\t\t\t\t<\/div>\n\t\t<\/section>\n\t\t\t\t<\/div>\n\t\t","protected":false},"excerpt":{"rendered":"<p>Coneix l&#8217;equip de Finques Pi Som una empresa familiar amb personal de la regi\u00f3, coneixem molt b\u00e9 Sant Pol. El nostre equip \u00e9s el nostre actiu m\u00e9s important. Recib\u00ed un servicio excelente de Merce y Izabella durante mi estancia en San Pol durante unos seis meses. Durante mi estancia, fueron muy amables y acogedores, me [&hellip;]<\/p>\n","protected":false},"author":1,"featured_media":0,"parent":0,"menu_order":0,"comment_status":"closed","ping_status":"closed","template":"template\/template-search.php","meta":{"footnotes":""},"class_list":["post-30651","page","type-page","status-publish","hentry"],"yoast_head":"<!-- This site is optimized with the Yoast SEO plugin v27.3 - https:\/\/yoast.com\/product\/yoast-seo-wordpress\/ -->\n<title>Finques Pi<\/title>\n<meta name=\"robots\" content=\"index, follow, max-snippet:-1, max-image-preview:large, max-video-preview:-1\" \/>\n<link rel=\"canonical\" href=\"https:\/\/finquespi.com\/ca\/cerca\/\" \/>\n<meta property=\"og:locale\" content=\"ca_ES\" \/>\n<meta property=\"og:type\" content=\"article\" \/>\n<meta property=\"og:title\" content=\"Cerca | Finques Pi\" \/>\n<meta property=\"og:description\" content=\"Coneix l&#8217;equip de Finques Pi Som una empresa familiar amb personal de la regi\u00f3, coneixem molt b\u00e9 Sant Pol. El nostre equip \u00e9s el nostre actiu m\u00e9s important. Recib\u00ed un servicio excelente de Merce y Izabella durante mi estancia en San Pol durante unos seis meses. Durante mi estancia, fueron muy amables y acogedores, me [&hellip;]\" \/>\n<meta property=\"og:url\" content=\"https:\/\/finquespi.com\/ca\/cerca\/\" \/>\n<meta property=\"og:site_name\" content=\"Finques Pi\" \/>\n<meta property=\"article:modified_time\" content=\"2025-07-07T10:46:34+00:00\" \/>\n<meta property=\"og:image\" content=\"https:\/\/finquespi.com\/wp-content\/uploads\/2025\/06\/img-testimonial-alquiler-sebastian.png\" \/>\n<meta name=\"twitter:card\" content=\"summary_large_image\" \/>\n<meta name=\"twitter:label1\" content=\"Temps estimat de lectura\" \/>\n\t<meta name=\"twitter:data1\" content=\"1 minut\" \/>\n<script type=\"application\/ld+json\" class=\"yoast-schema-graph\">{\"@context\":\"https:\\\/\\\/schema.org\",\"@graph\":[{\"@type\":\"WebPage\",\"@id\":\"https:\\\/\\\/finquespi.com\\\/ca\\\/cerca\\\/\",\"url\":\"https:\\\/\\\/finquespi.com\\\/ca\\\/cerca\\\/\",\"name\":\"Cerca | Finques Pi\",\"isPartOf\":{\"@id\":\"https:\\\/\\\/finquespi.com\\\/ca\\\/#website\"},\"primaryImageOfPage\":{\"@id\":\"https:\\\/\\\/finquespi.com\\\/ca\\\/cerca\\\/#primaryimage\"},\"image\":{\"@id\":\"https:\\\/\\\/finquespi.com\\\/ca\\\/cerca\\\/#primaryimage\"},\"thumbnailUrl\":\"https:\\\/\\\/finquespi.com\\\/wp-content\\\/uploads\\\/2025\\\/06\\\/img-testimonial-alquiler-sebastian.png\",\"datePublished\":\"2020-02-27T15:59:06+00:00\",\"dateModified\":\"2025-07-07T10:46:34+00:00\",\"breadcrumb\":{\"@id\":\"https:\\\/\\\/finquespi.com\\\/ca\\\/cerca\\\/#breadcrumb\"},\"inLanguage\":\"ca\",\"potentialAction\":[{\"@type\":\"ReadAction\",\"target\":[\"https:\\\/\\\/finquespi.com\\\/ca\\\/cerca\\\/\"]}]},{\"@type\":\"ImageObject\",\"inLanguage\":\"ca\",\"@id\":\"https:\\\/\\\/finquespi.com\\\/ca\\\/cerca\\\/#primaryimage\",\"url\":\"https:\\\/\\\/finquespi.com\\\/wp-content\\\/uploads\\\/2025\\\/06\\\/img-testimonial-alquiler-sebastian.png\",\"contentUrl\":\"https:\\\/\\\/finquespi.com\\\/wp-content\\\/uploads\\\/2025\\\/06\\\/img-testimonial-alquiler-sebastian.png\"},{\"@type\":\"BreadcrumbList\",\"@id\":\"https:\\\/\\\/finquespi.com\\\/ca\\\/cerca\\\/#breadcrumb\",\"itemListElement\":[{\"@type\":\"ListItem\",\"position\":1,\"name\":\"Llar\",\"item\":\"https:\\\/\\\/finquespi.com\\\/ca\\\/\"},{\"@type\":\"ListItem\",\"position\":2,\"name\":\"Cerca\"}]},{\"@type\":\"WebSite\",\"@id\":\"https:\\\/\\\/finquespi.com\\\/ca\\\/#website\",\"url\":\"https:\\\/\\\/finquespi.com\\\/ca\\\/\",\"name\":\"Finques Pi\",\"description\":\"\",\"potentialAction\":[{\"@type\":\"SearchAction\",\"target\":{\"@type\":\"EntryPoint\",\"urlTemplate\":\"https:\\\/\\\/finquespi.com\\\/ca\\\/?s={search_term_string}\"},\"query-input\":{\"@type\":\"PropertyValueSpecification\",\"valueRequired\":true,\"valueName\":\"search_term_string\"}}],\"inLanguage\":\"ca\"}]}<\/script>\n<!-- \/ Yoast SEO plugin. -->","yoast_head_json":{"title":"Finques Pi","robots":{"index":"index","follow":"follow","max-snippet":"max-snippet:-1","max-image-preview":"max-image-preview:large","max-video-preview":"max-video-preview:-1"},"canonical":"https:\/\/finquespi.com\/ca\/cerca\/","og_locale":"ca_ES","og_type":"article","og_title":"Cerca | Finques Pi","og_description":"Coneix l&#8217;equip de Finques Pi Som una empresa familiar amb personal de la regi\u00f3, coneixem molt b\u00e9 Sant Pol. El nostre equip \u00e9s el nostre actiu m\u00e9s important. Recib\u00ed un servicio excelente de Merce y Izabella durante mi estancia en San Pol durante unos seis meses. Durante mi estancia, fueron muy amables y acogedores, me [&hellip;]","og_url":"https:\/\/finquespi.com\/ca\/cerca\/","og_site_name":"Finques Pi","article_modified_time":"2025-07-07T10:46:34+00:00","og_image":[{"url":"https:\/\/finquespi.com\/wp-content\/uploads\/2025\/06\/img-testimonial-alquiler-sebastian.png","type":"","width":"","height":""}],"twitter_card":"summary_large_image","twitter_misc":{"Temps estimat de lectura":"1 minut"},"schema":{"@context":"https:\/\/schema.org","@graph":[{"@type":"WebPage","@id":"https:\/\/finquespi.com\/ca\/cerca\/","url":"https:\/\/finquespi.com\/ca\/cerca\/","name":"Cerca | Finques Pi","isPartOf":{"@id":"https:\/\/finquespi.com\/ca\/#website"},"primaryImageOfPage":{"@id":"https:\/\/finquespi.com\/ca\/cerca\/#primaryimage"},"image":{"@id":"https:\/\/finquespi.com\/ca\/cerca\/#primaryimage"},"thumbnailUrl":"https:\/\/finquespi.com\/wp-content\/uploads\/2025\/06\/img-testimonial-alquiler-sebastian.png","datePublished":"2020-02-27T15:59:06+00:00","dateModified":"2025-07-07T10:46:34+00:00","breadcrumb":{"@id":"https:\/\/finquespi.com\/ca\/cerca\/#breadcrumb"},"inLanguage":"ca","potentialAction":[{"@type":"ReadAction","target":["https:\/\/finquespi.com\/ca\/cerca\/"]}]},{"@type":"ImageObject","inLanguage":"ca","@id":"https:\/\/finquespi.com\/ca\/cerca\/#primaryimage","url":"https:\/\/finquespi.com\/wp-content\/uploads\/2025\/06\/img-testimonial-alquiler-sebastian.png","contentUrl":"https:\/\/finquespi.com\/wp-content\/uploads\/2025\/06\/img-testimonial-alquiler-sebastian.png"},{"@type":"BreadcrumbList","@id":"https:\/\/finquespi.com\/ca\/cerca\/#breadcrumb","itemListElement":[{"@type":"ListItem","position":1,"name":"Llar","item":"https:\/\/finquespi.com\/ca\/"},{"@type":"ListItem","position":2,"name":"Cerca"}]},{"@type":"WebSite","@id":"https:\/\/finquespi.com\/ca\/#website","url":"https:\/\/finquespi.com\/ca\/","name":"Finques Pi","description":"","potentialAction":[{"@type":"SearchAction","target":{"@type":"EntryPoint","urlTemplate":"https:\/\/finquespi.com\/ca\/?s={search_term_string}"},"query-input":{"@type":"PropertyValueSpecification","valueRequired":true,"valueName":"search_term_string"}}],"inLanguage":"ca"}]}},"_links":{"self":[{"href":"https:\/\/finquespi.com\/ca\/wp-json\/wp\/v2\/pages\/30651","targetHints":{"allow":["GET"]}}],"collection":[{"href":"https:\/\/finquespi.com\/ca\/wp-json\/wp\/v2\/pages"}],"about":[{"href":"https:\/\/finquespi.com\/ca\/wp-json\/wp\/v2\/types\/page"}],"author":[{"embeddable":true,"href":"https:\/\/finquespi.com\/ca\/wp-json\/wp\/v2\/users\/1"}],"replies":[{"embeddable":true,"href":"https:\/\/finquespi.com\/ca\/wp-json\/wp\/v2\/comments?post=30651"}],"version-history":[{"count":4,"href":"https:\/\/finquespi.com\/ca\/wp-json\/wp\/v2\/pages\/30651\/revisions"}],"predecessor-version":[{"id":37747,"href":"https:\/\/finquespi.com\/ca\/wp-json\/wp\/v2\/pages\/30651\/revisions\/37747"}],"wp:attachment":[{"href":"https:\/\/finquespi.com\/ca\/wp-json\/wp\/v2\/media?parent=30651"}],"curies":[{"name":"wp","href":"https:\/\/api.w.org\/{rel}","templated":true}]}}